{"id":819,"date":"2021-03-11T09:44:50","date_gmt":"2021-03-11T09:44:50","guid":{"rendered":"https:\/\/scoalaharul.ro\/acasa\/"},"modified":"2026-04-13T16:46:00","modified_gmt":"2026-04-13T16:46:00","slug":"acasa","status":"publish","type":"page","link":"https:\/\/scoalaharul.ro\/en\/","title":{"rendered":"Home"},"content":{"rendered":"<div class=\"et_pb_section_0 et_pb_section et_pb_fullwidth_section et_section_regular et_block_section\"><div class=\"et_pb_fullwidth_code_0 et_pb_fullwidth_code et_pb_module\"><div class=\"et_pb_code_inner\">\n\t\t\t\t<p class=\"rs-p-wp-fix\"><\/p>\n\t\t\t\t<sr7-module data-alias=\"slider-2\" data-id=\"4\" id=\"SR7_4_1\" data-version=\"6.7.52\">\n\t\t\t\t\t<sr7-adjuster><\/sr7-adjuster>\n\t\t\t\t\t<sr7-content>\n\t\t\t\t\t\t<sr7-slide id=\"SR7_4_1-4\" data-key=\"4\">\n\t\t\t\t\t\t\t<sr7-txt id=\"SR7_4_1-4-0\" class=\"sr7-layer\">Liceul Teoretic Harul<\/sr7-txt>\n\t\t\t\t\t\t\t<sr7-txt id=\"SR7_4_1-4-2\" class=\"sr7-layer\">DOCENDO DISCIMUS<\/sr7-txt>\n\t\t\t\t\t\t<\/sr7-slide>\n\t\t\t\t\t\t<sr7-slide id=\"SR7_4_1-5\" data-key=\"5\">\n\t\t\t\t\t\t\t<sr7-bg id=\"SR7_4_1-5-slidebg\" class=\"sr7-layer\"><noscript><img decoding=\"async\" src=\"https:\/\/scoalaharul.ro\/wp-content\/uploads\/revslider\/objects\/Working-in-progress.jpg\" alt=\"\" title=\"Home\"><\/noscript><\/sr7-bg>\n\t\t\t\t\t\t\t<sr7-txt id=\"SR7_4_1-5-1\" class=\"sr7-layer\">Perioada de \u00eenscrieri este limitat\u0103, la fel ca locurile disponibile \u00een fiecare clas\u0103. Afl\u0103 mai multe despre \u00eenscrieri \u0219i taxe ap\u0103s\u00e2nd pe butoanele de mai jos!<\/sr7-txt>\n\t\t\t\t\t\t\t<a id=\"SR7_4_1-5-4\" class=\"sr7-layer\" href=\"https:\/\/scoalaharul.ro\/inscrieri\" target=\"_self\">\u00ceNSCRIERI<\/a>\n\t\t\t\t\t\t\t<a id=\"SR7_4_1-5-5\" class=\"sr7-layer\" href=\"https:\/\/scoalaharul.ro\/taxe\" target=\"_self\">TAXE<\/a>\n\t\t\t\t\t\t<\/sr7-slide>\n\t\t\t\t\t\t<sr7-slide id=\"SR7_4_1-6\" data-key=\"6\">\n\t\t\t\t\t\t\t<sr7-bg id=\"SR7_4_1-6-slidebg\" class=\"sr7-layer\"><noscript><img decoding=\"async\" src=\"https:\/\/scoalaharul.ro\/wp-content\/uploads\/2021\/12\/ben-white-vJz7tkHncFk-unsplash-scaled.jpg\" alt=\"\" title=\"ben-white-vJz7tkHncFk-unsplash\"><\/noscript><\/sr7-bg>\n\t\t\t\t\t\t\t<sr7-txt id=\"SR7_4_1-6-6\" class=\"sr7-layer\">Po\u021bi avea un impact major \u00een via\u021ba oamenilor<\/sr7-txt>\n\t\t\t\t\t\t\t<sr7-txt id=\"SR7_4_1-6-7\" class=\"sr7-layer\">Mereu \u00ee\u021bi suntem mul\u021bumitori pentru dona\u021biile f\u0103cute. Acestea se \u00eendreapt\u0103 c\u0103tre nevoile primare ale Liceului Teoretic Harul, c\u00e2t \u0219i c\u0103tre cauzele pe care le sus\u021binem. Totu\u0219i, nevoile noastre de sus\u021binere nu se rezum\u0103 doar la partea financiar\u0103. Afl\u0103 cum po\u021bi sus\u021bine \u00een alte moduri \u0219coala noastr\u0103.<\/sr7-txt>\n\t\t\t\t\t\t\t<a id=\"SR7_4_1-6-8\" class=\"sr7-layer\" href=\"https:\/\/scoalaharul.ro\/donatii\" target=\"_self\">Doneaz\u0103<\/a>\n\t\t\t\t\t\t\t<a id=\"SR7_4_1-6-9\" class=\"sr7-layer\" href=\"https:\/\/scoalaharul.ro\/implicare\" target=\"_self\">Sus\u021bine<\/a>\n\t\t\t\t\t\t<\/sr7-slide>\n\t\t\t\t\t\t<sr7-slide id=\"SR7_4_1-9\" data-key=\"9\">\n\t\t\t\t\t\t<\/sr7-slide>\n\t\t\t\t\t<\/sr7-content>\n\t\t\t\t<\/sr7-module>\n\t\t\t\t<script>\n\t\t\t\t\twindow.SR7 ??={};SR7.PMH ??={}; SR7.PMH[\"SR7_4_1\"] = {cn:100,state:false,fn: function() { if (window._tpt!==undefined && window._tpt.prepareModuleHeight !== undefined) {  _tpt.prepareModuleHeight({id:\"SR7_4_1\",el:[800],type:'standard',shdw:'0',gh:[800],gw:[1440],vpt:['-200px'],size:{fullWidth:true, fullHeight:false},mh:'0',onh:0,onw:0,bg:{color:'transparent'}});   SR7.PMH[\"SR7_4_1\"].state=true;} else if(SR7.PMH[\"SR7_4_1\"].cn-->0)\tsetTimeout( SR7.PMH[\"SR7_4_1\"].fn,19);}};SR7.PMH[\"SR7_4_1\" ].fn();\n\t\t\t\t<\/script>\n<\/div><\/div><\/div><div class=\"et_pb_section_1 et_pb_section et_section_regular et_block_section\"><div class=\"et_pb_row_0 et_pb_row et_block_row\"><div class=\"et_pb_column_0 et_pb_column et_pb_column_4_4 et-last-child et_block_column et_pb_css_mix_blend_mode_passthrough\"><div class=\"et_pb_text_0 et_pb_text et_pb_bg_layout_light et_animated et_pb_module et_block_module\"><div class=\"et_pb_text_inner\"><h2>Leaders in Education and Character<\/h2>\n<\/div><\/div><div class=\"et_pb_divider_0 et_pb_divider et_pb_space et_pb_divider_position_center et_pb_module\"><div class=\"et_pb_divider_internal\"><\/div><\/div><\/div><\/div><div class=\"et_pb_row_1 et_pb_row et_block_row\"><div class=\"et_pb_column_1 et_pb_column et_pb_column_1_3 et_block_column et_pb_css_mix_blend_mode_passthrough\"><div class=\"et_pb_number_counter_0 et_pb_number_counter et_pb_bg_layout_light et_pb_text_align_center et_pb_with_title et_animated et_pb_module et_block_module\"><div class=\"percent\"><p><span class=\"percent-value\"><\/span><span class=\"percent-sign\"><\/span><\/p><\/div><h3 class=\"title\">of presence in Lugoj's education<\/h3><\/div><\/div><div class=\"et_pb_column_2 et_pb_column et_pb_column_1_3 et_block_column et_pb_css_mix_blend_mode_passthrough\"><div class=\"et_pb_number_counter_1 et_pb_number_counter et_pb_bg_layout_light et_pb_text_align_center et_pb_with_title et_animated et_pb_module et_block_module\"><div class=\"percent\"><p><span class=\"percent-value\"><\/span><span class=\"percent-sign\">%<\/span><\/p><\/div><h3 class=\"title\">graduation rate in 2021<\/h3><\/div><\/div><div class=\"et_pb_column_3 et_pb_column et_pb_column_1_3 et-last-child et_block_column et_pb_css_mix_blend_mode_passthrough\"><div class=\"et_pb_number_counter_2 et_pb_number_counter et_pb_bg_layout_light et_pb_text_align_center et_pb_with_title et_animated et_pb_module et_block_module\"><div class=\"percent\"><p><span class=\"percent-value\"><\/span><span class=\"percent-sign\"><\/span><\/p><\/div><h3 class=\"title\">pleased parents<\/h3><\/div><\/div><\/div><\/div><div class=\"et_pb_section_2 et_pb_section et_section_regular et_block_section\"><div class=\"et_pb_row_2 et_pb_row et_pb_row_4col et_block_row et_block_row_4col\"><div class=\"et_pb_column_4 et_pb_column et_pb_column_1_4 et_block_column et_pb_css_mix_blend_mode_passthrough\"><div class=\"et_pb_blurb_0 et_pb_blurb et_pb_bg_layout_light et_pb_blurb_position_top et_pb_module et_block_module\"><div class=\"et_pb_blurb_content\"><div class=\"et_pb_main_blurb_image\"><span class=\"et_pb_image_wrap et_pb_only_image_mode_wrap\"><img loading=\"lazy\" decoding=\"async\" src=\"https:\/\/scoalaharul.ro\/wp-content\/uploads\/2021\/03\/4G5A9633-e1616075067390.jpg\" width=\"1400\" height=\"1638\" srcset=\"https:\/\/scoalaharul.ro\/wp-content\/uploads\/2021\/03\/4G5A9633-e1616075067390.jpg 1400w, https:\/\/scoalaharul.ro\/wp-content\/uploads\/2021\/03\/4G5A9633-e1616075067390-1280x720.jpg 1280w, https:\/\/scoalaharul.ro\/wp-content\/uploads\/2021\/03\/4G5A9633-e1616075067390-980x551.jpg 980w, https:\/\/scoalaharul.ro\/wp-content\/uploads\/2021\/03\/4G5A9633-e1616075067390-480x270.jpg 480w\" sizes=\"(min-width: 0px) and (max-width: 480px) 480px, (min-width: 481px) and (max-width: 980px) 980px, (min-width: 981px) and (max-width: 1280px) 1280px, (min-width: 1281px) 1400px, 100vw\" class=\"wp-image-133\" \/><\/span><\/div><div class=\"et_pb_blurb_container\"><h1 class=\"et_pb_module_header\">Kindergarten<\/h1><div class=\"et_pb_blurb_description\"><p style=\"text-align: justify;\">Kindergarten is the place where the foundations of the child's education are laid, giving him the opportunity to discover new things and develop skills necessary for the next stages of life. But the most important aspect is the shaping of character, therefore the emphasis is on developing a beautiful behavior based on Christian principles.<\/p>\n<\/div><\/div><\/div><\/div><\/div><div class=\"et_pb_column_5 et_pb_column et_pb_column_1_4 et_block_column et_pb_css_mix_blend_mode_passthrough\"><div class=\"et_pb_blurb_1 et_pb_blurb et_pb_bg_layout_light et_pb_blurb_position_top et_pb_module et_block_module\"><div class=\"et_pb_blurb_content\"><div class=\"et_pb_main_blurb_image\"><span class=\"et_pb_image_wrap et_pb_only_image_mode_wrap\"><img loading=\"lazy\" decoding=\"async\" src=\"https:\/\/scoalaharul.ro\/wp-content\/uploads\/2021\/03\/4G5A7945-scaled-e1616074777620.jpg\" width=\"1465\" height=\"1707\" srcset=\"https:\/\/scoalaharul.ro\/wp-content\/uploads\/2021\/03\/4G5A7945-scaled-e1616074777620.jpg 1465w, https:\/\/scoalaharul.ro\/wp-content\/uploads\/2021\/03\/4G5A7945-scaled-e1616074777620-1280x720.jpg 1280w, https:\/\/scoalaharul.ro\/wp-content\/uploads\/2021\/03\/4G5A7945-scaled-e1616074777620-980x551.jpg 980w, https:\/\/scoalaharul.ro\/wp-content\/uploads\/2021\/03\/4G5A7945-scaled-e1616074777620-480x270.jpg 480w\" sizes=\"(min-width: 0px) and (max-width: 480px) 480px, (min-width: 481px) and (max-width: 980px) 980px, (min-width: 981px) and (max-width: 1280px) 1280px, (min-width: 1281px) 1465px, 100vw\" class=\"wp-image-131\" \/><\/span><\/div><div class=\"et_pb_blurb_container\"><h1 class=\"et_pb_module_header\">Primary School<\/h1><div class=\"et_pb_blurb_description\"><p style=\"text-align: justify;\">The primary school has an essential role in a child's life, as it is his first contact with school. A school where all children have equal opportunities and are taught to respect each other, empathize with each other and develop their own potential, is the most suitable environment for the formation of beautiful characters.<\/p>\n<\/div><\/div><\/div><\/div><\/div><div class=\"et_pb_column_6 et_pb_column et_pb_column_1_4 et_block_column et_pb_css_mix_blend_mode_passthrough\"><div class=\"et_pb_blurb_2 et_pb_blurb et_pb_bg_layout_light et_pb_blurb_position_top et_pb_module et_block_module\"><div class=\"et_pb_blurb_content\"><div class=\"et_pb_main_blurb_image\"><span class=\"et_pb_image_wrap et_pb_only_image_mode_wrap\"><img loading=\"lazy\" decoding=\"async\" src=\"https:\/\/scoalaharul.ro\/wp-content\/uploads\/2021\/11\/Gimnaziu.png\" width=\"1400\" height=\"1638\" srcset=\"https:\/\/scoalaharul.ro\/wp-content\/uploads\/2021\/11\/Gimnaziu.png 1400w, https:\/\/scoalaharul.ro\/wp-content\/uploads\/2021\/11\/Gimnaziu-1280x1498.png 1280w, https:\/\/scoalaharul.ro\/wp-content\/uploads\/2021\/11\/Gimnaziu-980x1147.png 980w, https:\/\/scoalaharul.ro\/wp-content\/uploads\/2021\/11\/Gimnaziu-480x562.png 480w\" sizes=\"(min-width: 0px) and (max-width: 480px) 480px, (min-width: 481px) and (max-width: 980px) 980px, (min-width: 981px) and (max-width: 1280px) 1280px, (min-width: 1281px) 1400px, 100vw\" class=\"wp-image-556\" \/><\/span><\/div><div class=\"et_pb_blurb_container\"><h1 class=\"et_pb_module_header\">Middle School<\/h1><div class=\"et_pb_blurb_description\"><p style=\"text-align: justify;\">Middle school continues the student-centered education, helping them to develop and consolidate any previously acquired knowledge, to put it to practical use, and to discover themselves, from a Christian perspective. Furthermore, the child is encouraged to assume responsibilities, to have initiatives and to contribute to the creation of an ideal school.<\/p>\n<\/div><\/div><\/div><\/div><\/div><div class=\"et_pb_column_7 et_pb_column et_pb_column_1_4 et-last-child et_block_column et_pb_css_mix_blend_mode_passthrough\"><div class=\"et_pb_blurb_3 et_pb_blurb et_pb_bg_layout_light et_pb_blurb_position_top et_pb_module et_block_module\"><div class=\"et_pb_blurb_content\"><div class=\"et_pb_main_blurb_image\"><span class=\"et_pb_image_wrap et_pb_only_image_mode_wrap\"><img loading=\"lazy\" decoding=\"async\" src=\"https:\/\/scoalaharul.ro\/wp-content\/uploads\/2021\/11\/Liceu.png\" width=\"1400\" height=\"1638\" srcset=\"https:\/\/scoalaharul.ro\/wp-content\/uploads\/2021\/11\/Liceu.png 1400w, https:\/\/scoalaharul.ro\/wp-content\/uploads\/2021\/11\/Liceu-1280x1498.png 1280w, https:\/\/scoalaharul.ro\/wp-content\/uploads\/2021\/11\/Liceu-980x1147.png 980w, https:\/\/scoalaharul.ro\/wp-content\/uploads\/2021\/11\/Liceu-480x562.png 480w\" sizes=\"(min-width: 0px) and (max-width: 480px) 480px, (min-width: 481px) and (max-width: 980px) 980px, (min-width: 981px) and (max-width: 1280px) 1280px, (min-width: 1281px) 1400px, 100vw\" class=\"wp-image-557\" \/><\/span><\/div><div class=\"et_pb_blurb_container\"><h1 class=\"et_pb_module_header\">High School<\/h1><div class=\"et_pb_blurb_description\"><p style=\"text-align: justify;\">The high school years are of major importance in the formation of the future adult, so that he becomes a person capable of succeeding in life and contributing to the development of the community of which he is a part. That is why we are prepared to advise and counsel students in order to make the right decisions and choose the right career.<\/p>\n<\/div><\/div><\/div><\/div><\/div><\/div><\/div><div class=\"et_pb_section_3 et_pb_section et_section_regular et_block_section\"><div class=\"et_pb_row_3 et_pb_row et_block_row\"><div class=\"et_pb_column_8 et_pb_column et_pb_column_4_4 et-last-child et_block_column et_pb_css_mix_blend_mode_passthrough\"><div class=\"et_pb_text_1 et_pb_text et_pb_bg_layout_dark et_animated et_pb_module et_block_module\"><div class=\"et_pb_text_inner\"><h2>Start your story at <strong>Liceul Teoretic Harul<\/strong><\/h2>\n<\/div><\/div><div class=\"et_pb_text_2 et_pb_text et_pb_bg_layout_dark et_animated et_pb_module et_block_module\"><div class=\"et_pb_text_inner\"><p>The good family upbringing can be wisely developed or they can be destroyed by environment. Choose the people who invest in your child's personal, professional and spiritual growth, mentoring them during their school years!<\/p>\n<\/div><\/div><\/div><\/div><\/div><div class=\"et_pb_section_4 et_pb_section et_section_regular et_block_section\"><div class=\"et_pb_row_4 et_pb_row et_pb_equal_columns et_pb_gutters1 et_block_row et_pb_row_fullwidth\"><div class=\"et_pb_column_9 et_pb_column et_pb_column_1_3 et_block_column et_pb_css_mix_blend_mode_passthrough\"><div class=\"et_pb_text_3 et_pb_text et_pb_bg_layout_dark et_animated et_pb_module et_block_module\"><div class=\"et_pb_text_inner\"><h2>Develop values<\/h2>\n<\/div><\/div><div class=\"et_pb_text_4 et_pb_text et_pb_bg_layout_dark et_animated et_pb_module et_block_module\"><div class=\"et_pb_text_inner\"><p>Values are what create our character, therefore our destiny. Invest in your children's character by giving them a place to develop healthy values!<\/p>\n<\/div><\/div><\/div><div class=\"et_pb_column_10 et_pb_column et_pb_column_2_3 et-last-child et_block_column et_pb_css_mix_blend_mode_passthrough\"><div class=\"et_pb_text_5 et_pb_text et_pb_bg_layout_dark et_animated et_pb_module et_block_module\"><div class=\"et_pb_text_inner\"><h2>Enjoy lasting friendships<\/h2>\n<\/div><\/div><div class=\"et_pb_text_6 et_pb_text et_pb_bg_layout_dark et_animated et_pb_module et_block_module\"><div class=\"et_pb_text_inner\"><p>Together joy is sweeter and sorrow is lighter. Choose a community that challenges and supports you to develop, with which you can sketch your future!<\/p>\n<\/div><\/div><\/div><\/div><\/div><div class=\"et_pb_section_5 et_pb_section et_section_regular et_block_section\"><div class=\"et_pb_row_5 et_pb_row et_block_row\"><div class=\"et_pb_column_11 et_pb_column et_pb_column_4_4 et-last-child et_block_column et_pb_css_mix_blend_mode_passthrough\"><div class=\"et_pb_text_7 et_pb_text et_pb_bg_layout_light et_animated et_pb_module et_block_module\"><div class=\"et_pb_text_inner\"><h1>What others have to say about us...<\/h1>\n<\/div><\/div><div class=\"et_pb_text_8 et_pb_text et_pb_bg_layout_light et_animated et_pb_module et_block_module\"><div class=\"et_pb_text_inner\"><h1>What others have to say about us...<\/h1>\n<\/div><\/div><div class=\"et_pb_divider_1 et_pb_divider et_pb_space et_pb_divider_position_center et_pb_module\"><div class=\"et_pb_divider_internal\"><\/div><\/div><\/div><\/div><div class=\"et_pb_row_6 et_pb_row et_block_row\"><div class=\"et_pb_column_12 et_pb_column et_pb_column_1_3 et_block_column et_pb_css_mix_blend_mode_passthrough\"><div class=\"et_pb_testimonial_0 et_pb_testimonial et_pb_icon_off et_pb_bg_layout_dark et_pb_text_align_center et_animated et_pb_module et_block_module\"><div class=\"et_pb_testimonial_inner\"><div class=\"et_pb_testimonial_portrait\" style=\"background-image:url(https:\/\/scoalaharul.ro\/wp-content\/uploads\/2022\/03\/dfdgyhdesg-fg-dfgbvsdzfgv.png)\"><\/div><div class=\"et_pb_testimonial_description\"><div class=\"et_pb_testimonial_description_inner\"><div class=\"et_pb_testimonial_content\"><p><em>\u201c\u015ecoala Primar\u0103 \u201cHarul\u201d este un loc al <strong>siguran\u0163ei<\/strong>, unde copiii sunt crescu\u0163i \u00eentr-un mediu plin de dragoste \u015fi unde li se ofer\u0103 o educa\u0163ie de prestigiu, at\u00e2t din punct de vedere <strong>intelectual<\/strong> c\u00e2t \u015fi <strong>spiritual<\/strong>. A fost o real\u0103 pl\u0103cere s\u0103 vizit\u0103m aceast\u0103 \u015fcoal\u0103. Cheia succesului acolo o constituie directorul \u015fi cadrele didactice care servesc drept modele pentru elevi, \u00een parteneriat cu p\u0103rin\u0163ii. Dac\u0103 ar fi s\u0103 aleg o \u015fcoal\u0103 pentru copiii sau nepo\u0163ii mei, mi-ar pl\u0103cea s\u0103-i \u015ftiu la una ca aceasta.\u201d<\/em><\/p>\n<\/div><\/div><div class=\"et_pb_testimonial_author\">Alan Brown<\/div><div class=\"et_pb_testimonial_meta\"><span class=\"et_pb_testimonial_position\">Director regional<\/span><span class=\"et_pb_testimonial_separator\">, <\/span><span class=\"et_pb_testimonial_company\">Asocia\u0163ia European\u0103 a \u015ecolilor Cre\u015ftine Interna\u0163ionale, Budapesta, Ungaria<\/span><\/div><\/div><\/div><\/div><\/div><div class=\"et_pb_column_13 et_pb_column et_pb_column_1_3 et_block_column et_pb_css_mix_blend_mode_passthrough\"><div class=\"et_pb_testimonial_1 et_pb_testimonial et_pb_icon_off et_pb_bg_layout_dark et_pb_text_align_center et_animated et_pb_module et_block_module\"><div class=\"et_pb_testimonial_inner\"><div class=\"et_pb_testimonial_portrait\" style=\"background-image:url(https:\/\/scoalaharul.ro\/wp-content\/uploads\/2021\/04\/circle-gearl-spicer.png)\"><\/div><div class=\"et_pb_testimonial_description\"><div class=\"et_pb_testimonial_description_inner\"><div class=\"et_pb_testimonial_content\"><p><em>\"A fost o bucurie deosebit\u0103 s\u0103 fiu implicat \u00eenc\u0103 de la \u00eenceput \u00een <strong>\u015ecoala Primar\u0103 \u201cHarul\u201d.<\/strong> Am v\u0103zut cum Dumnezeu, \u00een mod miraculos, a suplinit toate nevoile. \u00cen ace\u015fti ani de c\u00e2nd sunt implicat \u00een \u015fcoala din Lugoj, am con\u015ftientizat cu ardoare planul special pe care Dumnezeu \u00eel are cu aceast\u0103 \u015fcoal\u0103. C\u00e2nd noi ne implic\u0103m \u00een vie\u0163ile copiilor \u015fi \u00een ale p\u0103rin\u0163ilor \u00eentr-un mod personal, producem un <strong>impact<\/strong> important at\u00e2t pentru lumea aceasta c\u00e2t \u015fi pentru ve\u015fnicie. Fiecare genera\u0163ie are <strong>responsabilitatea <\/strong> de a produce un impact prin mesajul <strong>speran\u0163ei,<\/strong> \u00een vie\u0163ile celor cu care intr\u0103 \u00een contact. Biserica \u201cOne Heart \u201c a fost devotat\u0103 acestui proiect deoarece credem c\u0103 este o oportunitate care schimb\u0103 vie\u0163i! Viitorul este str\u0103lucit \u015fi v\u0103 \u00eencurajez s\u0103 v\u0103 implica\u0163i \u00eentr-una din cele mai bune \u015fcoli din Europa.\"<\/em><\/p>\n<\/div><\/div><div class=\"et_pb_testimonial_author\">Gearl Spicer<\/div><div class=\"et_pb_testimonial_meta\"><span class=\"et_pb_testimonial_position\">Pastor<\/span><span class=\"et_pb_testimonial_separator\">, <\/span><span class=\"et_pb_testimonial_company\">Biserica \u2018One Heart\u2019 \u2013 Atlanta, Georgia<\/span><\/div><\/div><\/div><\/div><\/div><div class=\"et_pb_column_14 et_pb_column et_pb_column_1_3 et-last-child et_block_column et_pb_css_mix_blend_mode_passthrough\"><div class=\"et_pb_testimonial_2 et_pb_testimonial et_pb_icon_off et_pb_bg_layout_dark et_pb_text_align_center et_animated et_pb_module et_block_module\"><div class=\"et_pb_testimonial_inner\"><div class=\"et_pb_testimonial_portrait\" style=\"background-image:url(https:\/\/scoalaharul.ro\/wp-content\/uploads\/2021\/04\/romenia-elisabeth-mungueranu-holocausto-03072019172652714.png)\"><\/div><div class=\"et_pb_testimonial_description\"><div class=\"et_pb_testimonial_description_inner\"><div class=\"et_pb_testimonial_content\"><p><em>\"Sf\u00e2r\u015fitul unui \u00eenceput este \u00eentotdeauna <strong>un<\/strong> <strong>nou \u00eenceput<\/strong>\u2026 A face ceva, orice, \u00eenseamn\u0103 a construi pas cu pas ! Aici, la \u015ecoala Primar\u0103 \u201cHarul\u201d se simte c\u0103ldura, lini\u015ftea \u015fi pacea care ar trebui s\u0103 fie mult mai des \u00eent\u00e2lnite \u00een aceast\u0103 lume. Plec de aici cu nostalgia adolescen\u0163ei \u015fi cu un sentiment de <strong>\u201c\u00cen siguran\u0163\u0103\u201d<\/strong>. Felicit\u0103ri pentru tot ce a\u0163i construit!\"<\/em><\/p>\n<\/div><\/div><div class=\"et_pb_testimonial_author\">Elizabeth Ungureanu <\/div><div class=\"et_pb_testimonial_meta\"><span class=\"et_pb_testimonial_company\">Institutul Na\u0163ional pentru Studierea Holocaustului din Rom\u00e2nia \u201cElie Wiesel\u201d<\/span><\/div><\/div><\/div><\/div><\/div><\/div><div class=\"et_pb_row_7 et_pb_row et_block_row\"><div class=\"et_pb_column_15 et_pb_column et_pb_column_4_4 et-last-child et_block_column et_pb_css_mix_blend_mode_passthrough\"><div class=\"et_pb_module et_pb_button_module_wrapper et_pb_button_0_wrapper\"><a class=\"et_pb_button_0 et_pb_button et_pb_bg_layout_light et_pb_module et_block_module\" href=\"https:\/\/scoalaharul.ro\/ce-spun-altii\/\">Read more<\/a><\/div><\/div><\/div><\/div>","protected":false},"excerpt":{"rendered":"","protected":false},"author":1,"featured_media":0,"parent":0,"menu_order":0,"comment_status":"closed","ping_status":"closed","template":"","meta":{"footnotes":""},"class_list":["post-819","page","type-page","status-publish","hentry"],"_links":{"self":[{"href":"https:\/\/scoalaharul.ro\/en\/wp-json\/wp\/v2\/pages\/819","targetHints":{"allow":["GET"]}}],"collection":[{"href":"https:\/\/scoalaharul.ro\/en\/wp-json\/wp\/v2\/pages"}],"about":[{"href":"https:\/\/scoalaharul.ro\/en\/wp-json\/wp\/v2\/types\/page"}],"author":[{"embeddable":true,"href":"https:\/\/scoalaharul.ro\/en\/wp-json\/wp\/v2\/users\/1"}],"replies":[{"embeddable":true,"href":"https:\/\/scoalaharul.ro\/en\/wp-json\/wp\/v2\/comments?post=819"}],"version-history":[{"count":7,"href":"https:\/\/scoalaharul.ro\/en\/wp-json\/wp\/v2\/pages\/819\/revisions"}],"predecessor-version":[{"id":1133,"href":"https:\/\/scoalaharul.ro\/en\/wp-json\/wp\/v2\/pages\/819\/revisions\/1133"}],"wp:attachment":[{"href":"https:\/\/scoalaharul.ro\/en\/wp-json\/wp\/v2\/media?parent=819"}],"curies":[{"name":"wp","href":"https:\/\/api.w.org\/{rel}","templated":true}]}}